{"id":72,"date":"2023-01-19T08:06:28","date_gmt":"2023-01-19T08:06:28","guid":{"rendered":"https:\/\/labs.100x100.net\/projects\/ineo\/?page_id=72"},"modified":"2023-05-02T14:28:35","modified_gmt":"2023-05-02T14:28:35","slug":"politica-de-privacitat","status":"publish","type":"page","link":"https:\/\/ineocorporate.com\/ca\/politica-de-privacitat\/","title":{"rendered":"Pol\u00edtica de privacitat"},"content":{"rendered":"<p>Les dades personals recollides o generades quan es comuniqui amb INEO CORPORATE BARCELONA, S.L., inclosos els correus electr\u00f2nics, seran tractats per INEO CORPORATE BARCELONA, S.L. amb base en la relaci\u00f3 professional existent, i per tal de gestionar aquesta relaci\u00f3 professional, complir amb les obligacions legals corresponents i, si escau, informar-lo de l&#8217;actualitat jur\u00eddica si obtenim el seu consentiment o si tenim un inter\u00e8s leg\u00edtim per la relaci\u00f3 generada amb vost\u00e8.<\/p>\n<p>Les vostres dades seran conservades mentre la relaci\u00f3 de contacte professional segueixi en vigor i, posteriorment, mentre hi hagi responsabilitats legals o contractuals o mentre no s&#8217;oposi a l&#8217;enviament d&#8217;informaci\u00f3 legal. Podeu exercitar els drets d&#8217;acc\u00e9s, rectificaci\u00f3, supressi\u00f3, limitaci\u00f3 i portabilitat, quan pertoquin, a consultoria@ineocorporate.com. Aix\u00ed mateix, podr\u00e0 formular reclamacions davant de l&#8217;autoritat competent.<\/p>\n<p>Us informem que les vostres dades no seran cedides a cap tercer, excepte: a) les empreses del Grup, b) que hi hagi obligaci\u00f3 legal o c) expressament us ho indiquem, podent accedir-hi prestadors de serveis de sistemes, eines de tecnologia, o altres assessors amb qu\u00e8, atenent a la seva sol\u00b7licitud, ens haguem de posar en contacte.<br \/>\nINEO CORPORAT BARCELONA, S.L. protegeix les dades personals segons el que estableix el Reglament (UE) 2016\/679 del Parlament i del Consell, de 27 d&#8217;abril de 2016, relatiu a la protecci\u00f3 de les persones f\u00edsiques pel que fa al tractament de dades personals ia la lliure circulaci\u00f3 d&#8217;aquests, aix\u00ed com d&#8217;acord amb la legislaci\u00f3 nacional vigent sobre la mat\u00e8ria, a fi que es respectin les llibertats i els drets fonamentals de les persones a les quals pertanyin aquestes dades.<\/p>\n<p>Les vostres dades seran tractades amb la m\u00e0xima confidencialitat per gestionar la nostra relaci\u00f3 comercial. Les dades es conservaran fins que se sol\u00b7liciti la supressi\u00f3 a la seg\u00fcent adre\u00e7a consultoria@ineocorporate.com, o ho estableixi una disposici\u00f3 legal. Podeu presentar una reclamaci\u00f3 davant l&#8217;autoritat de control competent (www.aepd.es) si considereu que el tractament no s&#8217;ajusta a la normativa vigent.<\/p>\n<p>INEO CORPORAT BARCELONA, S.L. est\u00e0 legitimada per tractar les seves dades perqu\u00e8 s\u00f3n necess\u00e0ries per prestar el servei sol\u00b7licitat o pel consentiment que ens atorga als diferents formularis de contacte de la web.<br \/>\nLes dades no se cediran a tercers excepte en els casos en qu\u00e8 hi hagi una obligaci\u00f3 legal.<br \/>\nPer exercir els drets d&#8217;acc\u00e9s, rectificaci\u00f3, supressi\u00f3 i portabilitat de les vostres dades, i la limitaci\u00f3 o oposici\u00f3 al vostre tractament, heu d&#8217;adre\u00e7ar per escrit a consultoria@ineocorporate.com<\/p>\n<p>Els Usuaris, mitjan\u00e7ant la marcaci\u00f3 de les caselles corresponents i entrada de dades als camps, marcats amb un asterisc (*) al formulari de contacte o presentats en formularis de desc\u00e0rrega, accepten expressament i de forma lliure i inequ\u00edvoca, que les seves dades s\u00f3n necessaris per atendre la seva petici\u00f3, per part del prestador, i \u00e9s volunt\u00e0ria la inclusi\u00f3 de dades en els camps restants. L&#8217;Usuari garanteix que les dades personals facilitades s\u00f3n veraces i es fa responsable de comunicar-ne qualsevol modificaci\u00f3.<\/p>\n<p>INEO CORPORAT BARCELONA, S.L. informa i garanteix expressament als usuaris que les seves dades personals no seran cedides en cap cas a tercers, i que sempre que realitzar\u00e0 algun tipus de cessi\u00f3 de dades personals, es demanar\u00e0 pr\u00e8viament el consentiment expr\u00e9s, informat i inequ\u00edvoc per part dels usuaris. Totes les dades sol\u00b7licitades a trav\u00e9s del lloc web s\u00f3n obligat\u00f2ries, ja que s\u00f3n necess\u00e0ries per a la prestaci\u00f3 d&#8217;un servei \u00f2ptim a l&#8217;usuari. En cas que no siguin facilitades totes les dades, no es garanteix que la informaci\u00f3 i els serveis facilitats siguin completament ajustats a les seves necessitats.<\/p>\n<p>INEO CORPORAT BARCELONA, S.L. est\u00e0 complint totes les disposicions de les normatives per al tractament de les dades personals de la seva responsabilitat, i amb els principis descrits a l&#8217;article 5 del GDPR, pels quals s\u00f3n tractats de manera l\u00edcita, lleial i transparent en relaci\u00f3 amb l&#8217;interessat i adequats, pertinents i limitats al que \u00e9s necessari en relaci\u00f3 amb els fins per als quals s\u00f3n tractats.<\/p>\n<p>INEO CORPORAT BARCELONA, S.L. garanteix que ha implementat pol\u00edtiques t\u00e8cniques i organitzatives apropiades per aplicar les mesures de seguretat que estableixen el GDPR per tal de protegir els drets i les llibertats dels Usuaris i els ha comunicat la informaci\u00f3 adequada perqu\u00e8 puguin exercir-los.<\/p>\n<p>Adre\u00e7a: Carrer Josep Irla i Bosch, 5-7 5a planta, 08034 Barcelona<br \/>\nTel.: +34 93 240 60 20<br \/>\nE-mail: <strong>consultoria@ineocorporate.com<\/strong><\/p>\n","protected":false},"excerpt":{"rendered":"<p>Les dades personals recollides o generades quan es comuniqui amb INEO CORPORATE BARCELONA, S.L., inclosos els correus electr\u00f2nics, seran tractats per INEO CORPORATE BARCELONA, S.L. amb base en la relaci\u00f3 professional existent, i per tal de gestionar aquesta relaci\u00f3 professional, complir amb les obligacions legals corresponents i, si escau, informar-lo de l&#8217;actualitat jur\u00eddica si obtenim [&hellip;]<\/p>\n","protected":false},"author":1,"featured_media":0,"parent":0,"menu_order":0,"comment_status":"closed","ping_status":"closed","template":"","meta":{"_acf_changed":false,"footnotes":""},"acf":[],"yoast_head":"<!-- This site is optimized with the Yoast SEO plugin v22.6 - https:\/\/yoast.com\/wordpress\/plugins\/seo\/ -->\n<title>Pol\u00edtica de privacitat - Ineo Corporate<\/title>\n<meta name=\"robots\" content=\"index, follow, max-snippet:-1, max-image-preview:large, max-video-preview:-1\" \/>\n<link rel=\"canonical\" href=\"https:\/\/ineocorporate.com\/ca\/politica-de-privacitat\/\" \/>\n<meta property=\"og:locale\" content=\"ca_ES\" \/>\n<meta property=\"og:type\" content=\"article\" \/>\n<meta property=\"og:title\" content=\"Pol\u00edtica de privacitat - Ineo Corporate\" \/>\n<meta property=\"og:description\" content=\"Les dades personals recollides o generades quan es comuniqui amb INEO CORPORATE BARCELONA, S.L., inclosos els correus electr\u00f2nics, seran tractats per INEO CORPORATE BARCELONA, S.L. amb base en la relaci\u00f3 professional existent, i per tal de gestionar aquesta relaci\u00f3 professional, complir amb les obligacions legals corresponents i, si escau, informar-lo de l&#8217;actualitat jur\u00eddica si obtenim [&hellip;]\" \/>\n<meta property=\"og:url\" content=\"https:\/\/ineocorporate.com\/ca\/politica-de-privacitat\/\" \/>\n<meta property=\"og:site_name\" content=\"Ineo Corporate\" \/>\n<meta property=\"article:modified_time\" content=\"2023-05-02T14:28:35+00:00\" \/>\n<meta name=\"twitter:card\" content=\"summary_large_image\" \/>\n<meta name=\"twitter:label1\" content=\"Est. reading time\" \/>\n\t<meta name=\"twitter:data1\" content=\"4 minutes\" \/>\n<script type=\"application\/ld+json\" class=\"yoast-schema-graph\">{\"@context\":\"https:\/\/schema.org\",\"@graph\":[{\"@type\":\"WebPage\",\"@id\":\"https:\/\/ineocorporate.com\/ca\/politica-de-privacitat\/\",\"url\":\"https:\/\/ineocorporate.com\/ca\/politica-de-privacitat\/\",\"name\":\"Pol\u00edtica de privacitat - Ineo Corporate\",\"isPartOf\":{\"@id\":\"https:\/\/www.ineocorporate.com\/#website\"},\"datePublished\":\"2023-01-19T08:06:28+00:00\",\"dateModified\":\"2023-05-02T14:28:35+00:00\",\"breadcrumb\":{\"@id\":\"https:\/\/ineocorporate.com\/ca\/politica-de-privacitat\/#breadcrumb\"},\"inLanguage\":\"ca\",\"potentialAction\":[{\"@type\":\"ReadAction\",\"target\":[\"https:\/\/ineocorporate.com\/ca\/politica-de-privacitat\/\"]}]},{\"@type\":\"BreadcrumbList\",\"@id\":\"https:\/\/ineocorporate.com\/ca\/politica-de-privacitat\/#breadcrumb\",\"itemListElement\":[{\"@type\":\"ListItem\",\"position\":1,\"name\":\"Portada\",\"item\":\"https:\/\/ineocorporate.com\/ca\/\"},{\"@type\":\"ListItem\",\"position\":2,\"name\":\"Pol\u00edtica de privacitat\"}]},{\"@type\":\"WebSite\",\"@id\":\"https:\/\/www.ineocorporate.com\/#website\",\"url\":\"https:\/\/www.ineocorporate.com\/\",\"name\":\"Ineo Corporate\",\"description\":\"Otro sitio realizado con WordPress\",\"publisher\":{\"@id\":\"https:\/\/www.ineocorporate.com\/#organization\"},\"potentialAction\":[{\"@type\":\"SearchAction\",\"target\":{\"@type\":\"EntryPoint\",\"urlTemplate\":\"https:\/\/www.ineocorporate.com\/?s={search_term_string}\"},\"query-input\":\"required name=search_term_string\"}],\"inLanguage\":\"ca\"},{\"@type\":\"Organization\",\"@id\":\"https:\/\/www.ineocorporate.com\/#organization\",\"name\":\"Ineo Corporate\",\"url\":\"https:\/\/www.ineocorporate.com\/\",\"logo\":{\"@type\":\"ImageObject\",\"inLanguage\":\"ca\",\"@id\":\"https:\/\/www.ineocorporate.com\/#\/schema\/logo\/image\/\",\"url\":\"https:\/\/hundreds-wordpress-uploads.s3.amazonaws.com\/ineo\/uploads\/2023\/05\/logo.png\",\"contentUrl\":\"https:\/\/hundreds-wordpress-uploads.s3.amazonaws.com\/ineo\/uploads\/2023\/05\/logo.png\",\"width\":514,\"height\":120,\"caption\":\"Ineo Corporate\"},\"image\":{\"@id\":\"https:\/\/www.ineocorporate.com\/#\/schema\/logo\/image\/\"},\"sameAs\":[\"https:\/\/www.linkedin.com\/company\/ineo-corporate\/about\/\"]}]}<\/script>\n<!-- \/ Yoast SEO plugin. -->","yoast_head_json":{"title":"Pol\u00edtica de privacitat - Ineo Corporate","robots":{"index":"index","follow":"follow","max-snippet":"max-snippet:-1","max-image-preview":"max-image-preview:large","max-video-preview":"max-video-preview:-1"},"canonical":"https:\/\/ineocorporate.com\/ca\/politica-de-privacitat\/","og_locale":"ca_ES","og_type":"article","og_title":"Pol\u00edtica de privacitat - Ineo Corporate","og_description":"Les dades personals recollides o generades quan es comuniqui amb INEO CORPORATE BARCELONA, S.L., inclosos els correus electr\u00f2nics, seran tractats per INEO CORPORATE BARCELONA, S.L. amb base en la relaci\u00f3 professional existent, i per tal de gestionar aquesta relaci\u00f3 professional, complir amb les obligacions legals corresponents i, si escau, informar-lo de l&#8217;actualitat jur\u00eddica si obtenim [&hellip;]","og_url":"https:\/\/ineocorporate.com\/ca\/politica-de-privacitat\/","og_site_name":"Ineo Corporate","article_modified_time":"2023-05-02T14:28:35+00:00","twitter_card":"summary_large_image","twitter_misc":{"Est. reading time":"4 minutes"},"schema":{"@context":"https:\/\/schema.org","@graph":[{"@type":"WebPage","@id":"https:\/\/ineocorporate.com\/ca\/politica-de-privacitat\/","url":"https:\/\/ineocorporate.com\/ca\/politica-de-privacitat\/","name":"Pol\u00edtica de privacitat - Ineo Corporate","isPartOf":{"@id":"https:\/\/www.ineocorporate.com\/#website"},"datePublished":"2023-01-19T08:06:28+00:00","dateModified":"2023-05-02T14:28:35+00:00","breadcrumb":{"@id":"https:\/\/ineocorporate.com\/ca\/politica-de-privacitat\/#breadcrumb"},"inLanguage":"ca","potentialAction":[{"@type":"ReadAction","target":["https:\/\/ineocorporate.com\/ca\/politica-de-privacitat\/"]}]},{"@type":"BreadcrumbList","@id":"https:\/\/ineocorporate.com\/ca\/politica-de-privacitat\/#breadcrumb","itemListElement":[{"@type":"ListItem","position":1,"name":"Portada","item":"https:\/\/ineocorporate.com\/ca\/"},{"@type":"ListItem","position":2,"name":"Pol\u00edtica de privacitat"}]},{"@type":"WebSite","@id":"https:\/\/www.ineocorporate.com\/#website","url":"https:\/\/www.ineocorporate.com\/","name":"Ineo Corporate","description":"Otro sitio realizado con WordPress","publisher":{"@id":"https:\/\/www.ineocorporate.com\/#organization"},"potentialAction":[{"@type":"SearchAction","target":{"@type":"EntryPoint","urlTemplate":"https:\/\/www.ineocorporate.com\/?s={search_term_string}"},"query-input":"required name=search_term_string"}],"inLanguage":"ca"},{"@type":"Organization","@id":"https:\/\/www.ineocorporate.com\/#organization","name":"Ineo Corporate","url":"https:\/\/www.ineocorporate.com\/","logo":{"@type":"ImageObject","inLanguage":"ca","@id":"https:\/\/www.ineocorporate.com\/#\/schema\/logo\/image\/","url":"https:\/\/hundreds-wordpress-uploads.s3.amazonaws.com\/ineo\/uploads\/2023\/05\/logo.png","contentUrl":"https:\/\/hundreds-wordpress-uploads.s3.amazonaws.com\/ineo\/uploads\/2023\/05\/logo.png","width":514,"height":120,"caption":"Ineo Corporate"},"image":{"@id":"https:\/\/www.ineocorporate.com\/#\/schema\/logo\/image\/"},"sameAs":["https:\/\/www.linkedin.com\/company\/ineo-corporate\/about\/"]}]}},"_links":{"self":[{"href":"https:\/\/ineocorporate.com\/ca\/wp-json\/wp\/v2\/pages\/72"}],"collection":[{"href":"https:\/\/ineocorporate.com\/ca\/wp-json\/wp\/v2\/pages"}],"about":[{"href":"https:\/\/ineocorporate.com\/ca\/wp-json\/wp\/v2\/types\/page"}],"author":[{"embeddable":true,"href":"https:\/\/ineocorporate.com\/ca\/wp-json\/wp\/v2\/users\/1"}],"replies":[{"embeddable":true,"href":"https:\/\/ineocorporate.com\/ca\/wp-json\/wp\/v2\/comments?post=72"}],"version-history":[{"count":2,"href":"https:\/\/ineocorporate.com\/ca\/wp-json\/wp\/v2\/pages\/72\/revisions"}],"predecessor-version":[{"id":1122,"href":"https:\/\/ineocorporate.com\/ca\/wp-json\/wp\/v2\/pages\/72\/revisions\/1122"}],"wp:attachment":[{"href":"https:\/\/ineocorporate.com\/ca\/wp-json\/wp\/v2\/media?parent=72"}],"curies":[{"name":"wp","href":"https:\/\/api.w.org\/{rel}","templated":true}]}}