{"id":68,"date":"2023-01-19T08:05:46","date_gmt":"2023-01-19T08:05:46","guid":{"rendered":"https:\/\/labs.100x100.net\/projects\/ineo\/?page_id=68"},"modified":"2025-06-16T10:24:47","modified_gmt":"2025-06-16T10:24:47","slug":"avis-legal","status":"publish","type":"page","link":"https:\/\/ineocorporate.com\/ca\/avis-legal\/","title":{"rendered":"Av\u00eds legal"},"content":{"rendered":"<h3>PROTECCI\u00d3 DE DADES INEO CORPORATE BARCELONA, S.L.<\/h3>\n<p>L&#8217;empresa garanteix als usuaris de la p\u00e0gina web que compleix el Reglament General de Protecci\u00f3 de Dades (UE) 2016\/679, i que ha establert les mesures de seguretat exigides per les lleis i els reglaments destinats a preservar el secret, confidencialitat i integritat en el tractament de les vostres dades personals.<\/p>\n<p>Aquestes dades personals seran utilitzades en la forma i amb les limitacions i drets que concedeix la protecci\u00f3 de dades de car\u00e0cter personal.<\/p>\n<p>La recollida i el tractament de les dades personals sol\u00b7licitades t\u00e9 com a finalitat l&#8217;atenci\u00f3 a l&#8217;usuari, tant administrativa com comercial. INEO CORPORAT BARCELONA, S.L. es compromet a guardar la m\u00e0xima reserva, secret i confidencialitat sobre la informaci\u00f3 de les dades personals que teniu a la vostra disposici\u00f3. Vost\u00e8 t\u00e9 dret a obtenir confirmaci\u00f3 sobre si a INEO CORPORATE BARCELONA, S.L. estem tractant les vostres dades personals per tant teniu dret a accedir a les vostres dades personals, rectificar les dades inexactes o sol\u00b7licitar-ne la supressi\u00f3 quan les dades ja no siguin necess\u00e0ries per als fins que van ser recollides.<\/p>\n<h3>AVIS LEGAL LSSI \u2013 CE<\/h3>\n<p>En compliment de la Llei 34\/2002, de 11 de juliol, de Serveis de la Societat de la Informaci\u00f3 i de Comer\u00e7 Electr\u00f2nic (LSSI-CE), l&#8217;entitat INEO CORPORATE BARCELONA, S.L. us informa que \u00e9s titular del lloc web. D&#8217;acord amb l&#8217;exig\u00e8ncia de l&#8217;article 10 de la Llei esmentada, informa de les dades seg\u00fcents:<br \/>\nEl titular d&#8217;aquest lloc web \u00e9s: INEO CORPORATE BARCELONA, S.L.<br \/>\nCIF: B61854253<br \/>\nDomicili social: C\/ JOSEP IRLA I BOSCH, 5-7 5\u00aa planta, 08034 BARCELONA<\/p>\n<p class=\"p1\">Informaci\u00f3 registral: Inscrita al Registre Mercantil de Barcelona, Volum 41403, Foli 82, Full B215496 Inscripci\u00f3 7a<\/p>\n<h3>USUARIS<\/h3>\n<p>L&#8217;acc\u00e9s i\/o \u00fas d&#8217;aquest portal us atribueix la condici\u00f3 d&#8217;USUARI, que accepta, des d&#8217;aquest acc\u00e9s i\/o \u00fas, les Condicions Generals d&#8217;\u00das reflectides aqu\u00ed. Les condicions esmentades s\u00f3n aplicables independentment de les condicions generals de contractaci\u00f3 que, si s&#8217;escau, resultin de compliment obligat.<\/p>\n<h3>\u00daS DEL PORTAL<\/h3>\n<p>La p\u00e0gina web proporciona l&#8217;acc\u00e9s a multitud d&#8217;informacions, serveis, programes o dades (d&#8217;ara endavant, els continguts) a Internet pertanyents a INEO CORPORATE BARCELONA, S.L. o als seus llicenciants a qu\u00e8 l&#8217;USUARI pugui tenir acc\u00e9s. L\u00b4USUARI assumeix la responsabilitat de l\u00b4\u00fas del portal. Aquesta responsabilitat s&#8217;est\u00e9n al registre necessari per accedir a determinats serveis o continguts.<\/p>\n<p>En aquest registre, l&#8217;USUARI ser\u00e0 responsable d&#8217;aportar informaci\u00f3 vera\u00e7 i l\u00edcita. Com a conseq\u00fc\u00e8ncia d&#8217;aquest registre, a l&#8217;USUARI se li pot proporcionar una contrasenya de la qual ser\u00e0 responsable, comprometent-se a fer-ne un \u00fas diligent i confidencial. L&#8217;USUARI es compromet a fer un \u00fas adequat dels continguts i serveis que INEO CORPORATE BARCELONA, S.L. ofereix a trav\u00e9s del seu portal i amb car\u00e0cter enunciatiu, per\u00f2 no limitatiu, a no emprar-los per:<\/p>\n<ul>\n<li>inc\u00f3rrer en activitats il\u00b7l\u00edcites, il\u00b7legals o contr\u00e0ries a la bona fe ia l&#8217;ordre p\u00fablic<\/li>\n<li>difondre continguts o propaganda de car\u00e0cter racista, xen\u00f2fob, pornogr\u00e0fic-il\u00b7legal, d&#8217;apologia del terrorisme o atemptatori contra els drets humans<\/li>\n<li>provocar danys als sistemes f\u00edsics i l\u00f2gics d&#8217;INEO CORPORATE BARCELONA, S.L., dels seus prove\u00efdors o de terceres persones, introduir o difondre a la xarxa virus inform\u00e0tics o qualssevol altres sistemes f\u00edsics o l\u00f2gics que siguin susceptibles de provocar els danys anteriorment esmentats;<\/li>\n<li>intentar accedir i, si escau, utilitzar els comptes de correu electr\u00f2nic d&#8217;altres usuaris i modificar manipular els missatges. INEO CORPORAT BARCELONA, S.L. es reserva el dret de retirar tots aquells comentaris i aportacions que vulnerin el respecte a la dignitat de la persona, que siguin discriminatoris, xen\u00f2fobs, racistes, pornogr\u00e0fics, que atemptin contra la joventut o la inf\u00e0ncia, l&#8217;ordre o la seguretat p\u00fablica o que, a parer seu, no resultaran adequats per a la seva publicaci\u00f3. En qualsevol cas, INEO CORPORATE BARCELONA, S.L. no ser\u00e0 responsable de les opinions abocades pels usuaris a trav\u00e9s dels f\u00f2rums, xats, o altres eines de participaci\u00f3.<\/li>\n<\/ul>\n<h3>PROPIETAT INTEL\u00b7LECTUAL I INDUSTRIAL<\/h3>\n<p>INEO CORPORAT BARCELONA, S.L. ser\u00e0 titular de tots els drets de propietat intel\u00b7lectual i industrial de la seva p\u00e0gina web, aix\u00ed com dels elements continguts a la mateixa (a t\u00edtol enunciatiu, imatges, so, \u00e0udio, v\u00eddeo, programari o textos; marques o logotips, combinacions de colors, estructura i disseny, selecci\u00f3 de materials usats, programes dordinador necessaris per al seu funcionament, acc\u00e9s i \u00fas, etc.)<\/p>\n<p>Tots els drets reservats. En virtut del que disposen els articles 8 i 32.1, par\u00e0graf segon, de la Llei de propietat intel\u00b7lectual, queden expressament prohibides la reproducci\u00f3, la distribuci\u00f3 i la comunicaci\u00f3 p\u00fablica, inclosa la seva modalitat de posada a disposici\u00f3, de la totalitat o part dels continguts d&#8217;aquesta p\u00e0gina web, amb finalitats comercials, a qualsevol suport i per qualsevol mitj\u00e0 t\u00e8cnic, sense l&#8217;autoritzaci\u00f3 d&#8217;INEO CORPORATE BARCELONA, S.L. L&#8217;USUARI es compromet a respectar els drets de propietat intel\u00b7lectual i industrial titularitat d&#8217;INEO CORPORATE BARCELONA, S.L. Podreu visualitzar els elements del portal i fins i tot imprimir-los, copiar-los i emmagatzemar-los al disc dur del vostre ordinador o en qualsevol altre suport f\u00edsic sempre que sigui, \u00fanica i exclusivament, per al seu \u00fas personal i privat. L&#8217;USUARI haur\u00e0 d&#8217;abstenir-se de suprimir, alterar, eludir o manipular qualsevol dispositiu de protecci\u00f3 o sistema de seguretat que estigu\u00e9s instal\u00b7lat a les p\u00e0gines d&#8217;INEO CORPORATE BARCELONA, S.L.<\/p>\n<h3>EXCLUSI\u00d3 DE GARANTIES I RESPONSABILITAT<\/h3>\n<p>INEO CORPORAT BARCELONA, S.L. no es fa responsable, en cap cas, dels danys i perjudicis de qualsevol naturalesa que poguessin ocasionar, a t\u00edtol enunciatiu: errors o omissions en els continguts, manca de disponibilitat del portal o la transmissi\u00f3 de virus o programes maliciosos o lesius en els continguts , malgrat haver adoptat totes les mesures tecnol\u00f2giques necess\u00e0ries per evitar-ho.<\/p>\n<h3>MODIFICACIONS<\/h3>\n<p>INEO CORPORAT BARCELONA, S.L. es reserva el dret d&#8217;efectuar sense previ av\u00eds les modificacions que consideri oportunes al seu portal, podent canviar, suprimir o afegir tant els continguts i serveis que es prestin a trav\u00e9s d&#8217;aquesta com la forma en qu\u00e8 aquests apareguin presentats o localitzats al seu portal.<\/p>\n<h3>ENLLA\u00c7<\/h3>\n<p>En cas que a la p\u00e0gina web es disposessin enlla\u00e7os o hipervincles feia altres llocs d&#8217;Internet, INEO CORPORATE BARCELONA, S.L. no exercir\u00e0 cap tipus de control sobre aquests llocs i continguts. En cap cas INEO CORPORATE BARCELONA, S.L. assumir\u00e0 cap responsabilitat pels continguts d&#8217;algun enlla\u00e7 pertanyent a un lloc web ali\u00e8, ni garantir\u00e0 la disponibilitat t\u00e8cnica, qualitat, fiabilitat, exactitud, amplitud, veracitat, validesa i constitucionalitat de qualsevol material o informaci\u00f3 continguda en cap d&#8217;aquests hipervincles o altres llocs de Internet.<\/p>\n<p>Igualment, la inclusi\u00f3 d&#8217;aquestes connexions externes no implicar\u00e0 cap mena d&#8217;associaci\u00f3, fusi\u00f3 o participaci\u00f3 amb les entitats connectades.<\/p>\n<h3>DRET D\u2019EXCLUSI\u00d3<\/h3>\n<p>INEO CORPORAT BARCELONA, S.L. es reserva el dret a denegar o retirar l&#8217;acc\u00e9s a portal i\/o als serveis oferts sense necessitat de preav\u00eds, a inst\u00e0ncia pr\u00f2pia o d&#8217;un tercer, a aquells usuaris que incompleixin aquestes Condicions Generals d&#8217;\u00das.<\/p>\n<h3>GENERALITATS<\/h3>\n<p>INEO CORPORAT BARCELONA, S.L. perseguir\u00e0 l&#8217;incompliment de les presents condicions, aix\u00ed com qualsevol utilitzaci\u00f3 indeguda del portal exercint totes les accions civils i penals que li puguin correspondre en dret.<\/p>\n<h3>MODIFICACI\u00d3 DE LES PRESENTS CONDICIONS I DURACI\u00d3<\/h3>\n<p>INEO CORPORAT BARCELONA, S.L. podr\u00e0 modificar en qualsevol moment les condicions aqu\u00ed determinades, sent degudament publicades com apareixen aqu\u00ed.<\/p>\n<p>La vig\u00e8ncia de les condicions esmentades anir\u00e0 en funci\u00f3 de la seva exposici\u00f3 i estaran vigents fins que les modificacions siguin degudament publicades.<\/p>\n<h3>LEGISLACI\u00d3 APLICABLE I JURISDICCI\u00d3<\/h3>\n<p>La relaci\u00f3 entre INEO CORPORATE BARCELONA, S.L. i l&#8217;USUARI es regir\u00e0 per la normativa espanyola vigent i qualsevol controv\u00e8rsia se sotmetr\u00e0 als Jutjats i tribunals de la ciutat anteriorment indicada.<\/p>\n","protected":false},"excerpt":{"rendered":"<p>PROTECCI\u00d3 DE DADES INEO CORPORATE BARCELONA, S.L. L&#8217;empresa garanteix als usuaris de la p\u00e0gina web que compleix el Reglament General de Protecci\u00f3 de Dades (UE) 2016\/679, i que ha establert les mesures de seguretat exigides per les lleis i els reglaments destinats a preservar el secret, confidencialitat i integritat en el tractament de les vostres [&hellip;]<\/p>\n","protected":false},"author":1,"featured_media":0,"parent":0,"menu_order":0,"comment_status":"closed","ping_status":"closed","template":"","meta":{"_acf_changed":false,"footnotes":""},"acf":[],"yoast_head":"<!-- This site is optimized with the Yoast SEO plugin v22.6 - https:\/\/yoast.com\/wordpress\/plugins\/seo\/ -->\n<title>Av\u00eds legal - Ineo Corporate<\/title>\n<meta name=\"robots\" content=\"noindex, nofollow\" \/>\n<meta property=\"og:locale\" content=\"ca_ES\" \/>\n<meta property=\"og:type\" content=\"article\" \/>\n<meta property=\"og:title\" content=\"Av\u00eds legal - Ineo Corporate\" \/>\n<meta property=\"og:description\" content=\"PROTECCI\u00d3 DE DADES INEO CORPORATE BARCELONA, S.L. L&#8217;empresa garanteix als usuaris de la p\u00e0gina web que compleix el Reglament General de Protecci\u00f3 de Dades (UE) 2016\/679, i que ha establert les mesures de seguretat exigides per les lleis i els reglaments destinats a preservar el secret, confidencialitat i integritat en el tractament de les vostres [&hellip;]\" \/>\n<meta property=\"og:url\" content=\"https:\/\/ineocorporate.com\/ca\/avis-legal\/\" \/>\n<meta property=\"og:site_name\" content=\"Ineo Corporate\" \/>\n<meta property=\"article:modified_time\" content=\"2025-06-16T10:24:47+00:00\" \/>\n<meta name=\"twitter:card\" content=\"summary_large_image\" \/>\n<meta name=\"twitter:label1\" content=\"Est. reading time\" \/>\n\t<meta name=\"twitter:data1\" content=\"6 minutes\" \/>\n<script type=\"application\/ld+json\" class=\"yoast-schema-graph\">{\"@context\":\"https:\/\/schema.org\",\"@graph\":[{\"@type\":\"WebPage\",\"@id\":\"https:\/\/ineocorporate.com\/ca\/avis-legal\/\",\"url\":\"https:\/\/ineocorporate.com\/ca\/avis-legal\/\",\"name\":\"Av\u00eds legal - Ineo Corporate\",\"isPartOf\":{\"@id\":\"https:\/\/www.ineocorporate.com\/#website\"},\"datePublished\":\"2023-01-19T08:05:46+00:00\",\"dateModified\":\"2025-06-16T10:24:47+00:00\",\"breadcrumb\":{\"@id\":\"https:\/\/ineocorporate.com\/ca\/avis-legal\/#breadcrumb\"},\"inLanguage\":\"ca\",\"potentialAction\":[{\"@type\":\"ReadAction\",\"target\":[\"https:\/\/ineocorporate.com\/ca\/avis-legal\/\"]}]},{\"@type\":\"BreadcrumbList\",\"@id\":\"https:\/\/ineocorporate.com\/ca\/avis-legal\/#breadcrumb\",\"itemListElement\":[{\"@type\":\"ListItem\",\"position\":1,\"name\":\"Portada\",\"item\":\"https:\/\/ineocorporate.com\/ca\/\"},{\"@type\":\"ListItem\",\"position\":2,\"name\":\"Av\u00eds legal\"}]},{\"@type\":\"WebSite\",\"@id\":\"https:\/\/www.ineocorporate.com\/#website\",\"url\":\"https:\/\/www.ineocorporate.com\/\",\"name\":\"Ineo Corporate\",\"description\":\"Otro sitio realizado con WordPress\",\"publisher\":{\"@id\":\"https:\/\/www.ineocorporate.com\/#organization\"},\"potentialAction\":[{\"@type\":\"SearchAction\",\"target\":{\"@type\":\"EntryPoint\",\"urlTemplate\":\"https:\/\/www.ineocorporate.com\/?s={search_term_string}\"},\"query-input\":\"required name=search_term_string\"}],\"inLanguage\":\"ca\"},{\"@type\":\"Organization\",\"@id\":\"https:\/\/www.ineocorporate.com\/#organization\",\"name\":\"Ineo Corporate\",\"url\":\"https:\/\/www.ineocorporate.com\/\",\"logo\":{\"@type\":\"ImageObject\",\"inLanguage\":\"ca\",\"@id\":\"https:\/\/www.ineocorporate.com\/#\/schema\/logo\/image\/\",\"url\":\"https:\/\/hundreds-wordpress-uploads.s3.amazonaws.com\/ineo\/uploads\/2023\/05\/logo.png\",\"contentUrl\":\"https:\/\/hundreds-wordpress-uploads.s3.amazonaws.com\/ineo\/uploads\/2023\/05\/logo.png\",\"width\":514,\"height\":120,\"caption\":\"Ineo Corporate\"},\"image\":{\"@id\":\"https:\/\/www.ineocorporate.com\/#\/schema\/logo\/image\/\"},\"sameAs\":[\"https:\/\/www.linkedin.com\/company\/ineo-corporate\/about\/\"]}]}<\/script>\n<!-- \/ Yoast SEO plugin. -->","yoast_head_json":{"title":"Av\u00eds legal - Ineo Corporate","robots":{"index":"noindex","follow":"nofollow"},"og_locale":"ca_ES","og_type":"article","og_title":"Av\u00eds legal - Ineo Corporate","og_description":"PROTECCI\u00d3 DE DADES INEO CORPORATE BARCELONA, S.L. L&#8217;empresa garanteix als usuaris de la p\u00e0gina web que compleix el Reglament General de Protecci\u00f3 de Dades (UE) 2016\/679, i que ha establert les mesures de seguretat exigides per les lleis i els reglaments destinats a preservar el secret, confidencialitat i integritat en el tractament de les vostres [&hellip;]","og_url":"https:\/\/ineocorporate.com\/ca\/avis-legal\/","og_site_name":"Ineo Corporate","article_modified_time":"2025-06-16T10:24:47+00:00","twitter_card":"summary_large_image","twitter_misc":{"Est. reading time":"6 minutes"},"schema":{"@context":"https:\/\/schema.org","@graph":[{"@type":"WebPage","@id":"https:\/\/ineocorporate.com\/ca\/avis-legal\/","url":"https:\/\/ineocorporate.com\/ca\/avis-legal\/","name":"Av\u00eds legal - Ineo Corporate","isPartOf":{"@id":"https:\/\/www.ineocorporate.com\/#website"},"datePublished":"2023-01-19T08:05:46+00:00","dateModified":"2025-06-16T10:24:47+00:00","breadcrumb":{"@id":"https:\/\/ineocorporate.com\/ca\/avis-legal\/#breadcrumb"},"inLanguage":"ca","potentialAction":[{"@type":"ReadAction","target":["https:\/\/ineocorporate.com\/ca\/avis-legal\/"]}]},{"@type":"BreadcrumbList","@id":"https:\/\/ineocorporate.com\/ca\/avis-legal\/#breadcrumb","itemListElement":[{"@type":"ListItem","position":1,"name":"Portada","item":"https:\/\/ineocorporate.com\/ca\/"},{"@type":"ListItem","position":2,"name":"Av\u00eds legal"}]},{"@type":"WebSite","@id":"https:\/\/www.ineocorporate.com\/#website","url":"https:\/\/www.ineocorporate.com\/","name":"Ineo Corporate","description":"Otro sitio realizado con WordPress","publisher":{"@id":"https:\/\/www.ineocorporate.com\/#organization"},"potentialAction":[{"@type":"SearchAction","target":{"@type":"EntryPoint","urlTemplate":"https:\/\/www.ineocorporate.com\/?s={search_term_string}"},"query-input":"required name=search_term_string"}],"inLanguage":"ca"},{"@type":"Organization","@id":"https:\/\/www.ineocorporate.com\/#organization","name":"Ineo Corporate","url":"https:\/\/www.ineocorporate.com\/","logo":{"@type":"ImageObject","inLanguage":"ca","@id":"https:\/\/www.ineocorporate.com\/#\/schema\/logo\/image\/","url":"https:\/\/hundreds-wordpress-uploads.s3.amazonaws.com\/ineo\/uploads\/2023\/05\/logo.png","contentUrl":"https:\/\/hundreds-wordpress-uploads.s3.amazonaws.com\/ineo\/uploads\/2023\/05\/logo.png","width":514,"height":120,"caption":"Ineo Corporate"},"image":{"@id":"https:\/\/www.ineocorporate.com\/#\/schema\/logo\/image\/"},"sameAs":["https:\/\/www.linkedin.com\/company\/ineo-corporate\/about\/"]}]}},"_links":{"self":[{"href":"https:\/\/ineocorporate.com\/ca\/wp-json\/wp\/v2\/pages\/68"}],"collection":[{"href":"https:\/\/ineocorporate.com\/ca\/wp-json\/wp\/v2\/pages"}],"about":[{"href":"https:\/\/ineocorporate.com\/ca\/wp-json\/wp\/v2\/types\/page"}],"author":[{"embeddable":true,"href":"https:\/\/ineocorporate.com\/ca\/wp-json\/wp\/v2\/users\/1"}],"replies":[{"embeddable":true,"href":"https:\/\/ineocorporate.com\/ca\/wp-json\/wp\/v2\/comments?post=68"}],"version-history":[{"count":5,"href":"https:\/\/ineocorporate.com\/ca\/wp-json\/wp\/v2\/pages\/68\/revisions"}],"predecessor-version":[{"id":1212,"href":"https:\/\/ineocorporate.com\/ca\/wp-json\/wp\/v2\/pages\/68\/revisions\/1212"}],"wp:attachment":[{"href":"https:\/\/ineocorporate.com\/ca\/wp-json\/wp\/v2\/media?parent=68"}],"curies":[{"name":"wp","href":"https:\/\/api.w.org\/{rel}","templated":true}]}}